{"id":9898,"date":"2020-10-05T17:12:40","date_gmt":"2020-10-05T10:12:40","guid":{"rendered":"https:\/\/cerato.wp1.zootemplate.com\/product\/import-placeholder-for-608\/"},"modified":"2024-01-09T20:33:33","modified_gmt":"2024-01-09T20:33:33","slug":"drooping-tree","status":"publish","type":"product","link":"https:\/\/yunusemresarac.com.tr\/?product=drooping-tree","title":{"rendered":"EKRANLI OYUN MAK\u0130NES\u0130"},"content":{"rendered":"<p><span style=\"vertical-align: inherit;\"><span style=\"vertical-align: inherit;\">Ba\u015fka bir deyi\u015fle, \u00f6zel \u00e7e\u015fitler ve se\u00e7enekler benzersiz ve ki\u015fiselle\u015ftirilmi\u015f \u00fcr\u00fcnler olu\u015fturman\u0131za olanak tan\u0131r.<\/span><\/span><\/p>\n<p><span style=\"vertical-align: inherit;\"><span style=\"vertical-align: inherit;\">\u00d6zel Varyantlar ve Se\u00e7enekler, \u00fcr\u00fcn \u00f6zelle\u015ftirme se\u00e7eneklerini ve alanlar\u0131n\u0131 h\u0131zl\u0131 ve kolay bir \u015fekilde olu\u015fturman\u0131za olanak tan\u0131r. <\/span><span style=\"vertical-align: inherit;\">Herhangi bir \u00fcr\u00fcn\u00fcn \u00f6zel \u00e7e\u015fitleri ve se\u00e7enekleri olabilir; bu, \u00fcr\u00fcn yap\u0131land\u0131rmas\u0131nda yap\u0131land\u0131r\u0131labilir.<\/span><\/span><\/p>\n<div class=\"row\">\n<ul class=\"col-md-6\">\n<li><span style=\"vertical-align: inherit;\"><span style=\"vertical-align: inherit;\">An\u0131nda Ma\u011fazaya \u00f6zel \u00f6zellikler olu\u015fturun<\/span><\/span><\/li>\n<li><span style=\"vertical-align: inherit;\"><span style=\"vertical-align: inherit;\">Basit, Yap\u0131land\u0131r\u0131labilir (\u00f6r. boyut, renk vb.), Paketlenmi\u015f<\/span><\/span><\/li>\n<li><span style=\"vertical-align: inherit;\"><span style=\"vertical-align: inherit;\">\u0130ndirilebilir\/Dijital \u00dcr\u00fcnler, Sanal \u00dcr\u00fcnler<\/span><\/span><\/li>\n<\/ul>\n<ul class=\"col-md-6\">\n<li><span style=\"vertical-align: inherit;\"><span style=\"vertical-align: inherit;\">Farkl\u0131 \u00f6zelliklerde h\u0131zl\u0131 \u00fcr\u00fcn olu\u015fturmaya y\u00f6nelik \u00d6zellik Setleri<\/span><\/span><\/li>\n<li><span style=\"vertical-align: inherit;\"><span style=\"vertical-align: inherit;\">\u00dcr\u00fcn Yorumlar\u0131n\u0131 Onaylay\u0131n, D\u00fczenleyin ve Silin<\/span><\/span><\/li>\n<li><span style=\"vertical-align: inherit;\"><span style=\"vertical-align: inherit;\">Otomatik g\u00f6r\u00fcnt\u00fc yeniden boyutland\u0131rma \u00f6zelli\u011fine sahip Medya Y\u00f6neticisi<\/span><\/span><\/li>\n<\/ul>\n<\/div>\n","protected":false},"excerpt":{"rendered":"<p>EKRANLI OYUN MAK\u0130NES\u0130<\/p>\n","protected":false},"featured_media":10267,"comment_status":"open","ping_status":"closed","template":"","meta":{"_monsterinsights_skip_tracking":false,"_monsterinsights_sitenote_active":false,"_monsterinsights_sitenote_note":"","_monsterinsights_sitenote_category":0},"product_brand":[],"product_cat":[274],"product_tag":[],"class_list":{"0":"post-9898","1":"product","2":"type-product","3":"status-publish","4":"has-post-thumbnail","6":"product_cat-plant","8":"first","9":"instock","10":"featured","11":"sold-individually","12":"shipping-taxable","13":"purchasable","14":"product-type-variable"},"_links":{"self":[{"href":"https:\/\/yunusemresarac.com.tr\/index.php?rest_route=\/wp\/v2\/product\/9898","targetHints":{"allow":["GET"]}}],"collection":[{"href":"https:\/\/yunusemresarac.com.tr\/index.php?rest_route=\/wp\/v2\/product"}],"about":[{"href":"https:\/\/yunusemresarac.com.tr\/index.php?rest_route=\/wp\/v2\/types\/product"}],"replies":[{"embeddable":true,"href":"https:\/\/yunusemresarac.com.tr\/index.php?rest_route=%2Fwp%2Fv2%2Fcomments&post=9898"}],"wp:featuredmedia":[{"embeddable":true,"href":"https:\/\/yunusemresarac.com.tr\/index.php?rest_route=\/wp\/v2\/media\/10267"}],"wp:attachment":[{"href":"https:\/\/yunusemresarac.com.tr\/index.php?rest_route=%2Fwp%2Fv2%2Fmedia&parent=9898"}],"wp:term":[{"taxonomy":"product_brand","embeddable":true,"href":"https:\/\/yunusemresarac.com.tr\/index.php?rest_route=%2Fwp%2Fv2%2Fproduct_brand&post=9898"},{"taxonomy":"product_cat","embeddable":true,"href":"https:\/\/yunusemresarac.com.tr\/index.php?rest_route=%2Fwp%2Fv2%2Fproduct_cat&post=9898"},{"taxonomy":"product_tag","embeddable":true,"href":"https:\/\/yunusemresarac.com.tr\/index.php?rest_route=%2Fwp%2Fv2%2Fproduct_tag&post=9898"}],"curies":[{"name":"wp","href":"https:\/\/api.w.org\/{rel}","templated":true}]}}